{"id":11,"date":"2025-07-04T10:31:39","date_gmt":"2025-07-04T07:31:39","guid":{"rendered":"https:\/\/casinogoldspin.com\/?page_id=11"},"modified":"2026-02-17T11:04:56","modified_gmt":"2026-02-17T08:04:56","slug":"goldspin-casino","status":"publish","type":"page","link":"https:\/\/casinogoldspin.com\/nb\/","title":{"rendered":"Goldspin Casino"},"content":{"rendered":"<p>Velkommen til Goldspin Casino - der brukervennlighet m\u00f8ter en oppslukende spillopplevelse. Enten du er ute etter spenningen ved spilleautomater, strategien ved bordspill eller spenningen i sanntid med live dealere, er plattformen v\u00e5r designet for \u00e5 gi deg en s\u00f8ml\u00f8s opplevelse fra f\u00f8rste klikk. Les denne Goldspin Casino-anmeldelsen for \u00e5 finne ut mer.<\/p>\n\n\n\n<h2 class=\"wp-block-heading\" id=\"uebersicht\">Oversikt<\/h2>\n\n\n\n<p>Goldspin Casino tilbyr et omfattende utvalg av funksjoner som er spesielt skreddersydd for moderne spillere. Spillbiblioteket v\u00e5rt inkluderer alt fra f\u00f8rsteklasses spilleautomater til live casino-titler, alt levert av anerkjente programvareleverand\u00f8rer. Det er bonuser hver uke, og velkomsttilbudet v\u00e5rt gir nye spillere en sterk start rett etter at de har registrert seg hos Goldspin Casino.<\/p>\n\n\n\n<p>Vi st\u00f8tter flere betalingsmetoder, inkludert kryptovaluta, og alle transaksjoner er beskyttet av avansert kryptering. Nettstedet v\u00e5rt er fullt optimalisert for mobilbruk og st\u00f8ttes av en responsiv kundest\u00f8tte som er tilgjengelig 24\/7.<\/p>\n\n\n\n<figure class=\"wp-block-image size-large\"><img loading=\"lazy\" decoding=\"async\" width=\"1024\" height=\"490\" src=\"https:\/\/casinogoldspin.com\/wp-content\/uploads\/2026\/02\/inf-img2-1024x490.webp\" alt=\"Goldspin hovedside\" class=\"wp-image-947\" srcset=\"https:\/\/casinogoldspin.com\/wp-content\/uploads\/2026\/02\/inf-img2-1024x490.webp 1024w, https:\/\/casinogoldspin.com\/wp-content\/uploads\/2026\/02\/inf-img2-300x143.webp 300w, https:\/\/casinogoldspin.com\/wp-content\/uploads\/2026\/02\/inf-img2-768x367.webp 768w, https:\/\/casinogoldspin.com\/wp-content\/uploads\/2026\/02\/inf-img2-1536x735.webp 1536w, https:\/\/casinogoldspin.com\/wp-content\/uploads\/2026\/02\/inf-img2.webp 1915w\" sizes=\"auto, (max-width: 1024px) 100vw, 1024px\" \/><\/figure>\n\n\n\n<h2 class=\"wp-block-heading\" id=\"goldspin-design-benutzerfreundlichkeit\">Goldspin-design og brukervennlighet<\/h2>\n\n\n\n<p>La oss starte Goldspin-testen med den visuelle delen. Vi har designet nettstedet v\u00e5rt for \u00e5 v\u00e6re oversiktlig, enkelt og brukervennlig. Grensesnittet er moderne og designet for \u00e5 hjelpe deg med \u00e5 raskt finne det du leter etter - enten det er et bestemt spill, en kampanje eller kontoinformasjonen din. Alt er organisert slik at du kan navigere enkelt, s\u00e5 selv om du er ny p\u00e5 nettkasinoer eller en erfaren spiller, vil du ikke ha noen problemer med \u00e5 finne frem.<\/p>\n\n\n\n<h2 class=\"wp-block-heading\" id=\"goldspin-casinospiele\">Goldspin kasinospill<\/h2>\n\n\n\n<p>En av de st\u00f8rste styrkene til nettstedet v\u00e5rt er det store utvalget av spill. Hos Gold Spin Casino finner du en stor og variert samling som passer alle preferanser:<\/p>\n\n\n\n<p><strong>Spilleautomater:<\/strong> V\u00e5re spilleautomater spenner fra klassiske trehjulsspill til avanserte videoautomater med unike temaer og funksjoner. Vi samarbeider med ledende utviklere som NetEnt, Pragmatic Play og Microgaming.<\/p>\n\n\n\n<p><strong>Bordspill: <\/strong>Hvis du foretrekker klassiske kasinospill, tilbyr vi flere versjoner av blackjack, rulett, baccarat og poker.<\/p>\n\n\n\n<p><strong>Live Casino:<\/strong> For en sanntidsopplevelse tilbyr v\u00e5r Live Casino-seksjon livestreaming av spill med profesjonelle dealere.<\/p>\n\n\n\n<p><strong>Andre spill:<\/strong> Vi tilbyr ogs\u00e5 en rekke alternative spill, inkludert skrapelodd, virtuell sport og andre unike alternativer for spillere som \u00f8nsker \u00e5 pr\u00f8ve noe nytt.<\/p>\n\n\n\n<figure class=\"wp-block-image size-large\"><img loading=\"lazy\" decoding=\"async\" width=\"1024\" height=\"192\" src=\"https:\/\/casinogoldspin.com\/wp-content\/uploads\/2026\/02\/inf-img3-1024x192.webp\" alt=\"Goldspin-spill\" class=\"wp-image-948\" srcset=\"https:\/\/casinogoldspin.com\/wp-content\/uploads\/2026\/02\/inf-img3-1024x192.webp 1024w, https:\/\/casinogoldspin.com\/wp-content\/uploads\/2026\/02\/inf-img3-300x56.webp 300w, https:\/\/casinogoldspin.com\/wp-content\/uploads\/2026\/02\/inf-img3-768x144.webp 768w, https:\/\/casinogoldspin.com\/wp-content\/uploads\/2026\/02\/inf-img3.webp 1501w\" sizes=\"auto, (max-width: 1024px) 100vw, 1024px\" \/><\/figure>\n\n\n\n<h2 class=\"wp-block-heading\" id=\"goldspin-boni\">Goldspin-bonuser<\/h2>\n\n\n\n<p>Hos Goldspin Casino tilbyr vi en rekke regelmessige kampanjer for \u00e5 bel\u00f8nne din aktivitet og holde deg begeistret. Det finnes ingen Goldspin Casino bonus uten innskudd. Dette er hva du kan forvente:<\/p>\n\n\n\n<p><strong>Pengebonus p\u00e5 mandag.<\/strong> Start uken med en 100 %-bonus p\u00e5 opptil kr 1 000.<\/p>\n\n\n\n<ul class=\"wp-block-list\">\n<li>Aktiver tilbudet i delen \u201eMine bonuser\u201c p\u00e5 kontoen din.<\/li>\n\n\n\n<li>Sett inn minst \u20ac 10.<\/li>\n\n\n\n<li>Bonusen er tilgjengelig hver mandag.<\/li>\n\n\n\n<li>Omsetningskrav: 35x<\/li>\n<\/ul>\n\n\n\n<p><strong>Ukentlig reload-bonus. <\/strong>Motta 50 % opp til kr 2.500 hver uke.<\/p>\n\n\n\n<ul class=\"wp-block-list\">\n<li>Aktiver bonusen under \u201eMine bonuser\u201c.<\/li>\n\n\n\n<li>Sett inn minst \u20ac 10.<\/li>\n\n\n\n<li>Kan innl\u00f8ses \u00e9n gang i uken.<\/li>\n\n\n\n<li>Omsetningskrav: 35x<\/li>\n<\/ul>\n\n\n\n<p><strong>Ukentlig kasinoutfordring.<\/strong> Fullf\u00f8r 10 oppgaver i l\u00f8pet av uken for \u00e5 l\u00e5se opp et spinn p\u00e5 bel\u00f8nningshjulet.<\/p>\n\n\n\n<ul class=\"wp-block-list\">\n<li>Registrering kreves<\/li>\n\n\n\n<li>Oppgavene varierer hver uke<\/li>\n\n\n\n<li>Bonusen l\u00e5ses opp etter at du har fullf\u00f8rt alle oppgavene<\/li>\n<\/ul>\n\n\n\n<p><strong>VIP-myntbel\u00f8nninger.<\/strong> Tjen ekstra mynter basert p\u00e5 aktiviteten din:<\/p>\n\n\n\n<ul class=\"wp-block-list\">\n<li>M\u00e5nedens f\u00f8rste innskudd: myntbonus avhengig av VIP-niv\u00e5<\/li>\n\n\n\n<li>Hver s\u00f8ndag: +50 % ekstra mynter basert p\u00e5 spilleatferden din<\/li>\n\n\n\n<li>Hver mandag: +1 % myntbonus per innskudd<\/li>\n<\/ul>\n\n\n\n<p><strong>Live roulette cashback.<\/strong> Spill mellom 12:00 og 16:00 UTC p\u00e5 et hvilket som helst live rulettbord og f\u00e5 20 % cashback opp til kr 2.000.<\/p>\n\n\n\n<ul class=\"wp-block-list\">\n<li>Kontakt kundest\u00f8tte for \u00e5 motta bonusen<\/li>\n\n\n\n<li>Omsetningskrav: 1x<\/li>\n<\/ul>\n\n\n\n<p><strong>Live gameshow cashback.<\/strong> Spill et av v\u00e5re live gameshows hele uken og motta 10 % cashback opp til kr 5 000 hver mandag.<\/p>\n\n\n\n<ul class=\"wp-block-list\">\n<li>Ingen registrering kreves<\/li>\n\n\n\n<li>Omsetningskrav: 1x<\/li>\n<\/ul>\n\n\n\n<p><strong>Quick Cash-turnering. <\/strong>Delta i de daglige topplistene og vinn ekte pengepremier.<\/p>\n\n\n\n<ul class=\"wp-block-list\">\n<li>Registrer deg via turneringssiden<\/li>\n\n\n\n<li>Spill favorittspillene dine og konkurrer mot hverandre<\/li>\n\n\n\n<li>Daglige bel\u00f8nninger for de beste<\/li>\n<\/ul>\n\n\n\n<p><strong>Lucky 7-turneringen.<\/strong> En m\u00e5nedlig konkurranse med pengepremier til de beste spillerne.<\/p>\n\n\n\n<ul class=\"wp-block-list\">\n<li>Registrering kreves<\/li>\n\n\n\n<li>Spill og klatre p\u00e5 ledertavlen<\/li>\n\n\n\n<li>Foreg\u00e5r hver m\u00e5ned<\/li>\n<\/ul>\n\n\n\n<figure class=\"wp-block-image size-large\"><img loading=\"lazy\" decoding=\"async\" width=\"1024\" height=\"399\" src=\"https:\/\/casinogoldspin.com\/wp-content\/uploads\/2026\/02\/inf-img1-1024x399.webp\" alt=\"Goldspin-bonuser\" class=\"wp-image-949\" srcset=\"https:\/\/casinogoldspin.com\/wp-content\/uploads\/2026\/02\/inf-img1-1024x399.webp 1024w, https:\/\/casinogoldspin.com\/wp-content\/uploads\/2026\/02\/inf-img1-300x117.webp 300w, https:\/\/casinogoldspin.com\/wp-content\/uploads\/2026\/02\/inf-img1-768x299.webp 768w, https:\/\/casinogoldspin.com\/wp-content\/uploads\/2026\/02\/inf-img1.webp 1404w\" sizes=\"auto, (max-width: 1024px) 100vw, 1024px\" \/><\/figure>\n\n\n\n<p>Bonusene er veldig varierte, selv om det ikke finnes noen Goldspin bonus uten innskudd. Har du sp\u00f8rsm\u00e5l eller trenger du hjelp til \u00e5 aktivere en bonus? V\u00e5rt live chat-team er der for deg d\u00f8gnet rundt.<\/p>\n\n\n\n<h3 class=\"wp-block-heading\">Goldspin velkomstbonus<\/h3>\n\n\n\n<p>Vi \u00f8nsker nye spillere velkommen med en sjener\u00f8s bonuspakke i flere niv\u00e5er for \u00e5 hjelpe deg med \u00e5 f\u00e5 mer ut av dine f\u00f8rste innskudd. Slik fungerer Goldspins bonussystem:<\/p>\n\n\n\n<p><strong>Bonus ved f\u00f8rste innskudd.<\/strong> Motta en matchbonus p\u00e5 100 % opp til <strong>1.500 \u20ac<\/strong> pluss <strong>100 gratisspinn<\/strong> for <em>Bonanza Milliarder<\/em>.<\/p>\n\n\n\n<ul class=\"wp-block-list\">\n<li>Velg bonusen n\u00e5r du gj\u00f8r ditt f\u00f8rste innskudd.<\/li>\n\n\n\n<li>Minimum innskudd: 10<\/li>\n\n\n\n<li>Gratisspinnene krediteres umiddelbart.<\/li>\n\n\n\n<li>Omsetningskrav: 35x<\/li>\n<\/ul>\n\n\n\n<p><strong>Andre innskuddsbonus.<\/strong> Motta en 75 % matchbonus opp til <strong>1.000 \u20ac<\/strong>.<\/p>\n\n\n\n<ul class=\"wp-block-list\">\n<li>Aktiver bonusen i \u201eInnskudd\u201c-delen f\u00f8r du setter inn penger p\u00e5 kontoen din.<\/li>\n\n\n\n<li>Minimum innskudd: 10<\/li>\n\n\n\n<li>Omsetningskrav: 35<\/li>\n<\/ul>\n\n\n\n<p><strong>Tredje innskuddsbonus.<\/strong> Motta en bonus p\u00e5 125 % opp til <strong>500 \u20ac<\/strong> p\u00e5 ditt tredje innskudd.<\/p>\n\n\n\n<ul class=\"wp-block-list\">\n<li>Velg bonusen i \u201eInnskudd\u201c-delen.<\/li>\n\n\n\n<li>Minimum innskudd: 10<\/li>\n\n\n\n<li>Omsetningskrav: 35<\/li>\n<\/ul>\n\n\n\n<p>Hvert niv\u00e5 i velkomstpakken er enkelt \u00e5 hente, og er utformet for \u00e5 \u00f8ke saldoen din mens du utforsker spillutvalget v\u00e5rt.<\/p>\n\n\n\n<h2 class=\"wp-block-heading\" id=\"zahlungsmethoden-bei-goldspin\">Betalingsmetoder hos Goldspin<\/h2>\n\n\n\n<p>For at du skal kunne nyte Goldspin Casino fullt ut, tilbyr vi deg flere p\u00e5litelige betalingsmetoder som du kan bruke til \u00e5 gj\u00f8re innskudd og uttak enkelt og sikkert. Du har valget mellom:<\/p>\n\n\n\n<ul class=\"wp-block-list\">\n<li><strong>Kreditt-\/debetkort:<\/strong> Visa, Mastercard<\/li>\n\n\n\n<li><strong>E-lommeb\u00f8ker:<\/strong> Skrill, Neteller, EZeeWallet<\/li>\n\n\n\n<li><strong>Kryptovaluta:<\/strong> Bitcoin, Ethereum, Litecoin og mer<\/li>\n\n\n\n<li><strong>Bankoverf\u00f8ringer:<\/strong> Tilgjengelig for de som foretrekker standard bankalternativer<\/li>\n<\/ul>\n\n\n\n<p>Innskudd behandles umiddelbart, slik at du kan begynne \u00e5 spille uten forsinkelse. Uttakstidene hos Goldspin varierer avhengig av metode, men vi fors\u00f8ker \u00e5 behandle alle foresp\u00f8rsler innen 24 til 48 timer. Alle transaksjoner er beskyttet av krypteringsteknologi for \u00e5 beskytte din finansielle informasjon.<\/p>\n\n\n\n<h2 class=\"wp-block-heading\" id=\"goldspin-lizenz-und-sicherheit\">Goldspin-lisens og sikkerhet<\/h2>\n\n\n\n<p>Plattformen v\u00e5r er lisensiert av en anerkjent myndighet som sikrer overholdelse av strenge bransjestandarder for spillerbeskyttelse og rettferdig spillpraksis.<\/p>\n\n\n\n<p>Alle spill bruker sertifiserte RNG-er (Random Number Generators) for \u00e5 sikre at resultatene er helt tilfeldige og objektive. Uavhengige revisorer gjennomg\u00e5r regelmessig systemene v\u00e5re for \u00e5 sikre \u00e5penhet og tillit.<\/p>\n\n\n\n<p>For \u00e5 beskytte dataene dine bruker vi SSL-kryptering, som beskytter all personlig og \u00f8konomisk informasjon mot uautorisert tilgang.<\/p>\n\n\n\n<h2 class=\"wp-block-heading\" id=\"goldspin-app\">Goldspin-appen<\/h2>\n\n\n\n<p>Gold Spin Casino er designet for smidig mobilspill p\u00e5 alle moderne enheter. Selv om vi ikke tilbyr en egen app, er mobilnettstedet v\u00e5rt fullt responsivt og fungerer feilfritt p\u00e5 b\u00e5de iOS- og Android-smarttelefoner og -nettbrett.<\/p>\n\n\n\n<p>Du har tilgang til alle funksjoner - spill, kampanjer og kontoinnstillinger - direkte fra nettleseren p\u00e5 mobilen. Oppsettet tilpasser seg automatisk til skjermen din, slik at du kan nyte en optimal spillopplevelse uansett hvor du er.<\/p>\n\n\n\n<h2 class=\"wp-block-heading\" id=\"goldspin-kundendienst\">Goldspin kundeservice<\/h2>\n\n\n\n<p>Du kan n\u00e5 teamet v\u00e5rt via flere praktiske kanaler:<\/p>\n\n\n\n<ul class=\"wp-block-list\">\n<li><strong>Live chat:<\/strong> Tilgjengelig d\u00f8gnet rundt for rask hjelp med sp\u00f8rsm\u00e5l eller problemer.<\/li>\n\n\n\n<li><strong>e-post:<\/strong> Ideell for henvendelser som ikke haster. Vi fors\u00f8ker \u00e5 svare innen 24 timer.<\/li>\n\n\n\n<li><strong>Sp\u00f8rsm\u00e5l og svar-delen:<\/strong> Dekker vanlige emner som betalinger, bonuser og kontoinnstillinger, og gir deg raske l\u00f8sninger uten at du trenger \u00e5 kontakte kundest\u00f8tte.<\/li>\n<\/ul>\n\n\n\n<p>Supportteamet v\u00e5rt er oppl\u00e6rt til \u00e5 l\u00f8se problemer raskt og profesjonelt for \u00e5 sikre at du f\u00e5r en smidig og hyggelig opplevelse p\u00e5 nettstedet v\u00e5rt.<\/p>\n\n\n\n<h2 class=\"wp-block-heading\" id=\"vor-und-nachteile\">Fordeler og ulemper<\/h2>\n\n\n\n<p>Hos Gold Spin Casino fokuserer vi p\u00e5 \u00e5 gi alle spillere en vellykket og underholdende opplevelse. Det er det som skiller oss ut:<\/p>\n\n\n\n<ul class=\"wp-block-list\">\n<li><strong>Omfattende spillbibliotek:<\/strong> Plattformen v\u00e5r tilbyr et bredt spekter av spill, fra klassiske spilleautomater og bordspill til live dealer-alternativer og unike alternativer.<\/li>\n\n\n\n<li><strong>Attraktive bonuser og kampanjer:<\/strong> Vi oppdaterer bonustilbudene v\u00e5re jevnlig for \u00e5 gi merverdi til b\u00e5de nye og tilbakevendende spillere.<\/li>\n\n\n\n<li><strong>Mobilvennlig design:<\/strong> Vi har ingen egen app, men nettstedet v\u00e5rt er fullt optimalisert for smarttelefoner og nettbrett.<\/li>\n\n\n\n<li><strong>P\u00e5litelig st\u00f8tte:<\/strong> Enten du trenger hjelp via live chat eller e-post, fors\u00f8ker vi \u00e5 l\u00f8se problemene dine raskt og profesjonelt.<\/li>\n<\/ul>\n\n\n\n<p>Der kan vi fortsatt forbedre oss<\/p>\n\n\n\n<ul class=\"wp-block-list\">\n<li><strong>Ingen egen app (ikke enn\u00e5):<\/strong> Selv om mobilnettstedet v\u00e5rt er fullt funksjonelt, er vi klar over at noen spillere foretrekker en app. Vi leter kontinuerlig etter m\u00e5ter \u00e5 forbedre tilgjengeligheten p\u00e5.<\/li>\n\n\n\n<li><strong>Behandlingstid for utbetalinger:<\/strong> De fleste utbetalinger behandles umiddelbart, men avhengig av metoden kan noen ta litt lengre tid. Vi jobber kontinuerlig med \u00e5 fremskynde disse prosessene der det er mulig.<\/li>\n<\/ul>\n\n\n\n<p>Vi streber etter \u00e5 tilby et trygt, morsomt og effektivt spillmilj\u00f8 - og vi er alltid p\u00e5 utkikk etter m\u00e5ter \u00e5 forbedre opplevelsen din p\u00e5.<\/p>\n\n\n\n<h2 class=\"wp-block-heading\" id=\"fazit\">Konklusjon<\/h2>\n\n\n\n<p>Hos Gold Spin Casino prioriterer vi en trygg, spennende og spillersentrert opplevelse. Fra et bredt utvalg av spill og sjener\u00f8se kampanjer til p\u00e5litelig kundest\u00f8tte og smidig mobiltilgang - m\u00e5let v\u00e5rt er \u00e5 gj\u00f8re online gambling enkelt og givende. Vi jobber kontinuerlig med \u00e5 forbedre oss for \u00e5 gi deg best mulig service. Vi h\u00e5per du har funnet alle svarene i denne Gold Spin Casino-anmeldelsen.<\/p>\n\n\n\n<p>Er du klar til \u00e5 spille? Registrer deg og finn ut hvorfor s\u00e5 mange spillere velger Gold Spin.<\/p>","protected":false},"excerpt":{"rendered":"<p>Willkommen im Goldspin Casino \u2013 wo Benutzerfreundlichkeit auf ein umfassendes Spielerlebnis trifft. Ganz gleich, ob Sie den Nervenkitzel der Spielautomaten, die Strategie der Tischspiele oder die Echtzeit-Spannung der Live-Dealer suchen, unsere Plattform ist darauf ausgelegt, Ihnen vom ersten Klick an ein reibungsloses Erlebnis zu bieten. Lesen Sie diese Bewertung zum Goldspin Casino, um mehr zu [&hellip;]<\/p>\n","protected":false},"author":1,"featured_media":959,"parent":0,"menu_order":0,"comment_status":"closed","ping_status":"closed","template":"","meta":{"_acf_changed":false,"inline_featured_image":false,"footnotes":""},"class_list":["post-11","page","type-page","status-publish","has-post-thumbnail","hentry"],"acf":[],"yoast_head":"<!-- This site is optimized with the Yoast SEO plugin v26.9 - https:\/\/yoast.com\/product\/yoast-seo-wordpress\/ -->\n<title>Goldspin Casino \ud83c\udfb0\ud83d\udd25 Offizielle Seite [Bonus 3.000 \u20ac + 100 Freispiele]<\/title>\n<meta name=\"description\" content=\"Goldspin Casino Deutschland \ud83c\udde9\ud83c\uddea\ud83c\udfb2 | Online-Casino mit Cura\u00e7ao-Lizenz | Willkommenspaket bis 3.000 \u20ac + 100 Freispiele \ud83c\udf81\u2728 | \u00dcber 7.500 Spiele &amp; Live-Casino \ud83c\udccf\ud83d\udcf1 | Sichere Zahlungen inkl. Krypto \u26a1 | Jetzt anmelden &amp; gewinnen! \ud83d\ude80\" \/>\n<meta name=\"robots\" content=\"index, follow, max-snippet:-1, max-image-preview:large, max-video-preview:-1\" \/>\n<link rel=\"canonical\" href=\"https:\/\/casinogoldspin.com\/nb\/de-de\/\" \/>\n<meta property=\"og:locale\" content=\"nb_NO\" \/>\n<meta property=\"og:type\" content=\"article\" \/>\n<meta property=\"og:title\" content=\"Goldspin Casino \ud83c\udfb0\ud83d\udd25 Offizielle Seite [Bonus 3.000 \u20ac + 100 Freispiele]\" \/>\n<meta property=\"og:description\" content=\"Goldspin Casino Deutschland \ud83c\udde9\ud83c\uddea\ud83c\udfb2 | Online-Casino mit Cura\u00e7ao-Lizenz | Willkommenspaket bis 3.000 \u20ac + 100 Freispiele \ud83c\udf81\u2728 | \u00dcber 7.500 Spiele &amp; Live-Casino \ud83c\udccf\ud83d\udcf1 | Sichere Zahlungen inkl. Krypto \u26a1 | Jetzt anmelden &amp; gewinnen! \ud83d\ude80\" \/>\n<meta property=\"og:url\" content=\"https:\/\/casinogoldspin.com\/nb\/de-de\/\" \/>\n<meta property=\"og:site_name\" content=\"GoldSpin Casino\" \/>\n<meta property=\"article:modified_time\" content=\"2026-02-17T08:04:56+00:00\" \/>\n<meta property=\"og:image\" content=\"https:\/\/casinogoldspin.com\/wp-content\/uploads\/2026\/02\/goldspin-casino-Logo-.jpg\" \/>\n\t<meta property=\"og:image:width\" content=\"500\" \/>\n\t<meta property=\"og:image:height\" content=\"500\" \/>\n\t<meta property=\"og:image:type\" content=\"image\/jpeg\" \/>\n<meta name=\"twitter:card\" content=\"summary_large_image\" \/>\n<meta name=\"twitter:label1\" content=\"Ansl. lesetid\" \/>\n\t<meta name=\"twitter:data1\" content=\"9 minutter\" \/>\n<script type=\"application\/ld+json\" class=\"yoast-schema-graph\">{\"@context\":\"https:\/\/schema.org\",\"@graph\":[{\"@type\":\"WebPage\",\"@id\":\"https:\/\/casinogoldspin.com\/\",\"url\":\"https:\/\/casinogoldspin.com\/de-de\/\",\"name\":\"Goldspin Casino \ud83c\udfb0\ud83d\udd25 Offizielle Seite [Bonus 3.000 \u20ac + 100 Freispiele]\",\"isPartOf\":{\"@id\":\"https:\/\/casinogoldspin.com\/#website\"},\"primaryImageOfPage\":{\"@id\":\"https:\/\/casinogoldspin.com\/de-de\/#primaryimage\"},\"image\":{\"@id\":\"https:\/\/casinogoldspin.com\/de-de\/#primaryimage\"},\"thumbnailUrl\":\"https:\/\/casinogoldspin.com\/wp-content\/uploads\/2026\/02\/goldspin-casino-Logo-.jpg\",\"datePublished\":\"2025-07-04T07:31:39+00:00\",\"dateModified\":\"2026-02-17T08:04:56+00:00\",\"description\":\"Goldspin Casino Deutschland \ud83c\udde9\ud83c\uddea\ud83c\udfb2 | Online-Casino mit Cura\u00e7ao-Lizenz | Willkommenspaket bis 3.000 \u20ac + 100 Freispiele \ud83c\udf81\u2728 | \u00dcber 7.500 Spiele & Live-Casino \ud83c\udccf\ud83d\udcf1 | Sichere Zahlungen inkl. Krypto \u26a1 | Jetzt anmelden & gewinnen! \ud83d\ude80\",\"breadcrumb\":{\"@id\":\"https:\/\/casinogoldspin.com\/de-de\/#breadcrumb\"},\"inLanguage\":\"nb-NO\",\"potentialAction\":[{\"@type\":\"ReadAction\",\"target\":[\"https:\/\/casinogoldspin.com\/de-de\/\"]}]},{\"@type\":\"ImageObject\",\"inLanguage\":\"nb-NO\",\"@id\":\"https:\/\/casinogoldspin.com\/de-de\/#primaryimage\",\"url\":\"https:\/\/casinogoldspin.com\/wp-content\/uploads\/2026\/02\/goldspin-casino-Logo-.jpg\",\"contentUrl\":\"https:\/\/casinogoldspin.com\/wp-content\/uploads\/2026\/02\/goldspin-casino-Logo-.jpg\",\"width\":500,\"height\":500,\"caption\":\"goldspin casino\"},{\"@type\":\"BreadcrumbList\",\"@id\":\"https:\/\/casinogoldspin.com\/de-de\/#breadcrumb\",\"itemListElement\":[{\"@type\":\"ListItem\",\"position\":1,\"name\":\"Home\",\"item\":\"https:\/\/casinogoldspin.com\/\"},{\"@type\":\"ListItem\",\"position\":2,\"name\":\"Goldspin Casino\"}]},{\"@type\":\"WebSite\",\"@id\":\"https:\/\/casinogoldspin.com\/#website\",\"url\":\"https:\/\/casinogoldspin.com\/\",\"name\":\"GoldSpin Casino\",\"description\":\"GoldSpin Casino\",\"publisher\":{\"@id\":\"https:\/\/casinogoldspin.com\/#organization\"},\"potentialAction\":[{\"@type\":\"SearchAction\",\"target\":{\"@type\":\"EntryPoint\",\"urlTemplate\":\"https:\/\/casinogoldspin.com\/?s={search_term_string}\"},\"query-input\":{\"@type\":\"PropertyValueSpecification\",\"valueRequired\":true,\"valueName\":\"search_term_string\"}}],\"inLanguage\":\"nb-NO\"},{\"@type\":\"Organization\",\"@id\":\"https:\/\/casinogoldspin.com\/#organization\",\"name\":\"69games\",\"alternateName\":\"69games Casino Icon\",\"url\":\"https:\/\/casinogoldspin.com\/\",\"logo\":{\"@type\":\"ImageObject\",\"inLanguage\":\"nb-NO\",\"@id\":\"https:\/\/casinogoldspin.com\/#\/schema\/logo\/image\/\",\"url\":\"\",\"contentUrl\":\"\",\"caption\":\"69games\"},\"image\":{\"@id\":\"https:\/\/casinogoldspin.com\/#\/schema\/logo\/image\/\"}}]}<\/script>\n<!-- \/ Yoast SEO plugin. -->","yoast_head_json":{"title":"Goldspin Casino \ud83c\udfb0\ud83d\udd25 Offizielle Seite [Bonus 3.000 \u20ac + 100 Freispiele]","description":"Goldspin Casino Tyskland \ud83c\udde9\ud83c\uddea\ud83c\udfb2 | Nettcasino med Cura\u00e7ao-lisens | Velkomstpakke opptil \u20ac 3000 + 100 gratisspinn \ud83c\udf81\u2728 | Over 7 500 spill og live casino \ud83c\udccf\ud83d\udcf1 | Sikker betaling inkl. krypto \u26a1 | Registrer deg n\u00e5 og vinn! \ud83d\ude80","robots":{"index":"index","follow":"follow","max-snippet":"max-snippet:-1","max-image-preview":"max-image-preview:large","max-video-preview":"max-video-preview:-1"},"canonical":"https:\/\/casinogoldspin.com\/nb\/de-de\/","og_locale":"nb_NO","og_type":"article","og_title":"Goldspin Casino \ud83c\udfb0\ud83d\udd25 Offizielle Seite [Bonus 3.000 \u20ac + 100 Freispiele]","og_description":"Goldspin Casino Deutschland \ud83c\udde9\ud83c\uddea\ud83c\udfb2 | Online-Casino mit Cura\u00e7ao-Lizenz | Willkommenspaket bis 3.000 \u20ac + 100 Freispiele \ud83c\udf81\u2728 | \u00dcber 7.500 Spiele & Live-Casino \ud83c\udccf\ud83d\udcf1 | Sichere Zahlungen inkl. Krypto \u26a1 | Jetzt anmelden & gewinnen! \ud83d\ude80","og_url":"https:\/\/casinogoldspin.com\/nb\/de-de\/","og_site_name":"GoldSpin Casino","article_modified_time":"2026-02-17T08:04:56+00:00","og_image":[{"width":500,"height":500,"url":"https:\/\/casinogoldspin.com\/wp-content\/uploads\/2026\/02\/goldspin-casino-Logo-.jpg","type":"image\/jpeg"}],"twitter_card":"summary_large_image","twitter_misc":{"Ansl. lesetid":"9 minutter"},"schema":{"@context":"https:\/\/schema.org","@graph":[{"@type":"WebPage","@id":"https:\/\/casinogoldspin.com\/","url":"https:\/\/casinogoldspin.com\/de-de\/","name":"Goldspin Casino \ud83c\udfb0\ud83d\udd25 Offizielle Seite [Bonus 3.000 \u20ac + 100 Freispiele]","isPartOf":{"@id":"https:\/\/casinogoldspin.com\/#website"},"primaryImageOfPage":{"@id":"https:\/\/casinogoldspin.com\/de-de\/#primaryimage"},"image":{"@id":"https:\/\/casinogoldspin.com\/de-de\/#primaryimage"},"thumbnailUrl":"https:\/\/casinogoldspin.com\/wp-content\/uploads\/2026\/02\/goldspin-casino-Logo-.jpg","datePublished":"2025-07-04T07:31:39+00:00","dateModified":"2026-02-17T08:04:56+00:00","description":"Goldspin Casino Tyskland \ud83c\udde9\ud83c\uddea\ud83c\udfb2 | Nettcasino med Cura\u00e7ao-lisens | Velkomstpakke opptil \u20ac 3000 + 100 gratisspinn \ud83c\udf81\u2728 | Over 7 500 spill og live casino \ud83c\udccf\ud83d\udcf1 | Sikker betaling inkl. krypto \u26a1 | Registrer deg n\u00e5 og vinn! \ud83d\ude80","breadcrumb":{"@id":"https:\/\/casinogoldspin.com\/de-de\/#breadcrumb"},"inLanguage":"nb-NO","potentialAction":[{"@type":"ReadAction","target":["https:\/\/casinogoldspin.com\/de-de\/"]}]},{"@type":"ImageObject","inLanguage":"nb-NO","@id":"https:\/\/casinogoldspin.com\/de-de\/#primaryimage","url":"https:\/\/casinogoldspin.com\/wp-content\/uploads\/2026\/02\/goldspin-casino-Logo-.jpg","contentUrl":"https:\/\/casinogoldspin.com\/wp-content\/uploads\/2026\/02\/goldspin-casino-Logo-.jpg","width":500,"height":500,"caption":"goldspin casino"},{"@type":"BreadcrumbList","@id":"https:\/\/casinogoldspin.com\/de-de\/#breadcrumb","itemListElement":[{"@type":"ListItem","position":1,"name":"Home","item":"https:\/\/casinogoldspin.com\/"},{"@type":"ListItem","position":2,"name":"Goldspin Casino"}]},{"@type":"WebSite","@id":"https:\/\/casinogoldspin.com\/#website","url":"https:\/\/casinogoldspin.com\/","name":"GoldSpin Casino","description":"GoldSpin Casino","publisher":{"@id":"https:\/\/casinogoldspin.com\/#organization"},"potentialAction":[{"@type":"SearchAction","target":{"@type":"EntryPoint","urlTemplate":"https:\/\/casinogoldspin.com\/?s={search_term_string}"},"query-input":{"@type":"PropertyValueSpecification","valueRequired":true,"valueName":"search_term_string"}}],"inLanguage":"nb-NO"},{"@type":"Organization","@id":"https:\/\/casinogoldspin.com\/#organization","name":"69spill","alternateName":"69games Casino Icon","url":"https:\/\/casinogoldspin.com\/","logo":{"@type":"ImageObject","inLanguage":"nb-NO","@id":"https:\/\/casinogoldspin.com\/#\/schema\/logo\/image\/","url":"","contentUrl":"","caption":"69games"},"image":{"@id":"https:\/\/casinogoldspin.com\/#\/schema\/logo\/image\/"}}]}},"_links":{"self":[{"href":"https:\/\/casinogoldspin.com\/nb\/wp-json\/wp\/v2\/pages\/11","targetHints":{"allow":["GET"]}}],"collection":[{"href":"https:\/\/casinogoldspin.com\/nb\/wp-json\/wp\/v2\/pages"}],"about":[{"href":"https:\/\/casinogoldspin.com\/nb\/wp-json\/wp\/v2\/types\/page"}],"author":[{"embeddable":true,"href":"https:\/\/casinogoldspin.com\/nb\/wp-json\/wp\/v2\/users\/1"}],"replies":[{"embeddable":true,"href":"https:\/\/casinogoldspin.com\/nb\/wp-json\/wp\/v2\/comments?post=11"}],"version-history":[{"count":6,"href":"https:\/\/casinogoldspin.com\/nb\/wp-json\/wp\/v2\/pages\/11\/revisions"}],"predecessor-version":[{"id":951,"href":"https:\/\/casinogoldspin.com\/nb\/wp-json\/wp\/v2\/pages\/11\/revisions\/951"}],"wp:featuredmedia":[{"embeddable":true,"href":"https:\/\/casinogoldspin.com\/nb\/wp-json\/wp\/v2\/media\/959"}],"wp:attachment":[{"href":"https:\/\/casinogoldspin.com\/nb\/wp-json\/wp\/v2\/media?parent=11"}],"curies":[{"name":"wp","href":"https:\/\/api.w.org\/{rel}","templated":true}]}}