{"id":11,"date":"2025-07-04T10:31:39","date_gmt":"2025-07-04T07:31:39","guid":{"rendered":"https:\/\/casinogoldspin.com\/?page_id=11"},"modified":"2026-02-17T11:04:56","modified_gmt":"2026-02-17T08:04:56","slug":"goldspin-casino","status":"publish","type":"page","link":"https:\/\/casinogoldspin.com\/it\/","title":{"rendered":"Casin\u00f2 Goldspin"},"content":{"rendered":"<p>Benvenuti a Goldspin Casino - dove la facilit\u00e0 d'uso incontra un'esperienza di gioco coinvolgente. Che siate alla ricerca del brivido delle slot, della strategia dei giochi da tavolo o dell'emozione in tempo reale dei croupier dal vivo, la nostra piattaforma \u00e8 progettata per offrirvi un'esperienza fluida fin dal primo clic. Leggete la recensione di Goldspin Casino per saperne di pi\u00f9.<\/p>\n\n\n\n<h2 class=\"wp-block-heading\" id=\"uebersicht\">Panoramica<\/h2>\n\n\n\n<p>Goldspin Casino offre una gamma completa di funzioni specificamente pensate per i giocatori moderni. La nostra libreria di giochi include tutto, dalle slot premium ai titoli di casin\u00f2 dal vivo, tutti forniti da fornitori di software affidabili. Ci sono bonus ogni settimana e la nostra offerta di benvenuto offre ai nuovi giocatori un ottimo inizio subito dopo l'iscrizione a Goldspin Casino.<\/p>\n\n\n\n<p>Supportiamo diversi metodi di pagamento, comprese le criptovalute, e tutte le transazioni sono protette da una crittografia avanzata. Il nostro sito web \u00e8 completamente ottimizzato per l'uso mobile ed \u00e8 supportato da un'assistenza clienti reattiva 24 ore su 24, 7 giorni su 7.<\/p>\n\n\n\n<figure class=\"wp-block-image size-large\"><img loading=\"lazy\" decoding=\"async\" width=\"1024\" height=\"490\" src=\"https:\/\/casinogoldspin.com\/wp-content\/uploads\/2026\/02\/inf-img2-1024x490.webp\" alt=\"Pagina principale di Goldspin\" class=\"wp-image-947\" srcset=\"https:\/\/casinogoldspin.com\/wp-content\/uploads\/2026\/02\/inf-img2-1024x490.webp 1024w, https:\/\/casinogoldspin.com\/wp-content\/uploads\/2026\/02\/inf-img2-300x143.webp 300w, https:\/\/casinogoldspin.com\/wp-content\/uploads\/2026\/02\/inf-img2-768x367.webp 768w, https:\/\/casinogoldspin.com\/wp-content\/uploads\/2026\/02\/inf-img2-1536x735.webp 1536w, https:\/\/casinogoldspin.com\/wp-content\/uploads\/2026\/02\/inf-img2.webp 1915w\" sizes=\"auto, (max-width: 1024px) 100vw, 1024px\" \/><\/figure>\n\n\n\n<h2 class=\"wp-block-heading\" id=\"goldspin-design-benutzerfreundlichkeit\">Design e facilit\u00e0 d'uso Goldspin<\/h2>\n\n\n\n<p>Iniziamo il nostro test Goldspin con la parte visiva. Abbiamo progettato il nostro sito web per essere chiaro, semplice e facile da usare. L'interfaccia \u00e8 moderna e progettata per aiutarvi a trovare rapidamente ci\u00f2 che state cercando, sia che si tratti di un gioco specifico, di una promozione o dei dettagli del vostro conto. Tutto \u00e8 organizzato in modo da garantire una navigazione fluida, quindi anche se siete nuovi giocatori di casin\u00f2 online o esperti, non avrete problemi a orientarvi.<\/p>\n\n\n\n<h2 class=\"wp-block-heading\" id=\"goldspin-casinospiele\">Giochi di casin\u00f2 Goldspin<\/h2>\n\n\n\n<p>Uno dei maggiori punti di forza del nostro sito \u00e8 l'ampia selezione di giochi. Su Gold Spin Casino troverete una collezione ampia e variegata, in grado di soddisfare tutte le preferenze:<\/p>\n\n\n\n<p><strong>Slot machine:<\/strong> Le nostre slot spaziano dai classici giochi a tre rulli alle video slot avanzate con temi e caratteristiche uniche. Collaboriamo con sviluppatori leader come NetEnt, Pragmatic Play e Microgaming.<\/p>\n\n\n\n<p><strong>Giochi da tavolo: <\/strong>Se preferite i giochi di casin\u00f2 classici, offriamo diverse versioni di blackjack, roulette, baccarat e poker.<\/p>\n\n\n\n<p><strong>Casin\u00f2 dal vivo:<\/strong> Per un'esperienza in tempo reale, la nostra sezione Casin\u00f2 Live offre giochi in diretta streaming condotti da croupier professionisti.<\/p>\n\n\n\n<p><strong>Altri giochi:<\/strong> Offriamo anche una serie di giochi alternativi, tra cui gratta e vinci, sport virtuali e altre opzioni uniche per i giocatori che vogliono provare qualcosa di nuovo.<\/p>\n\n\n\n<figure class=\"wp-block-image size-large\"><img loading=\"lazy\" decoding=\"async\" width=\"1024\" height=\"192\" src=\"https:\/\/casinogoldspin.com\/wp-content\/uploads\/2026\/02\/inf-img3-1024x192.webp\" alt=\"Giochi Goldspin\" class=\"wp-image-948\" srcset=\"https:\/\/casinogoldspin.com\/wp-content\/uploads\/2026\/02\/inf-img3-1024x192.webp 1024w, https:\/\/casinogoldspin.com\/wp-content\/uploads\/2026\/02\/inf-img3-300x56.webp 300w, https:\/\/casinogoldspin.com\/wp-content\/uploads\/2026\/02\/inf-img3-768x144.webp 768w, https:\/\/casinogoldspin.com\/wp-content\/uploads\/2026\/02\/inf-img3.webp 1501w\" sizes=\"auto, (max-width: 1024px) 100vw, 1024px\" \/><\/figure>\n\n\n\n<h2 class=\"wp-block-heading\" id=\"goldspin-boni\">Bonus Goldspin<\/h2>\n\n\n\n<p>Su Goldspin Casino offriamo una serie di promozioni regolari per premiare la vostra attivit\u00e0 e mantenervi entusiasti. Non esiste un bonus senza deposito su Goldspin Casino. Ecco cosa potete aspettarvi:<\/p>\n\n\n\n<p><strong>Bonus in denaro del luned\u00ec.<\/strong> Iniziate la settimana con un bonus di 100 % fino a 100 euro.<\/p>\n\n\n\n<ul class=\"wp-block-list\">\n<li>Attivate l'offerta nella sezione \u201eI miei bonus\u201c del vostro conto.<\/li>\n\n\n\n<li>Deposito di almeno 10 euro.<\/li>\n\n\n\n<li>Il bonus \u00e8 disponibile ogni luned\u00ec.<\/li>\n\n\n\n<li>Requisiti di puntata: 35x<\/li>\n<\/ul>\n\n\n\n<p><strong>Bonus di ricarica settimanale. <\/strong>Ricevi 50 % fino a 250 euro ogni settimana.<\/p>\n\n\n\n<ul class=\"wp-block-list\">\n<li>Attivare il bonus alla voce \u201eI miei bonus\u201c.<\/li>\n\n\n\n<li>Deposito di almeno 10 euro.<\/li>\n\n\n\n<li>Riscattabile una volta alla settimana.<\/li>\n\n\n\n<li>Requisiti di puntata: 35x<\/li>\n<\/ul>\n\n\n\n<p><strong>Sfida settimanale al casin\u00f2.<\/strong> Completate 10 compiti durante la settimana per sbloccare un giro della ruota delle ricompense.<\/p>\n\n\n\n<ul class=\"wp-block-list\">\n<li>Registrazione obbligatoria<\/li>\n\n\n\n<li>I compiti variano ogni settimana<\/li>\n\n\n\n<li>Il bonus si sblocca dopo aver completato tutti i compiti.<\/li>\n<\/ul>\n\n\n\n<p><strong>Premi in monete VIP.<\/strong> Guadagna monete aggiuntive in base alla tua attivit\u00e0:<\/p>\n\n\n\n<ul class=\"wp-block-list\">\n<li>Primo deposito del mese: bonus in monete a seconda del livello VIP<\/li>\n\n\n\n<li>Ogni domenica: +50 monete aggiuntive % in base al tuo comportamento di gioco<\/li>\n\n\n\n<li>Ogni luned\u00ec: +1 bonus in monete da % per deposito<\/li>\n<\/ul>\n\n\n\n<p><strong>Cashback per la roulette live.<\/strong> Gioca tra le 12:00 e le 16:00 UTC a qualsiasi tavolo di roulette dal vivo e ricevi 20 % di cashback fino a 200 \u20ac.<\/p>\n\n\n\n<ul class=\"wp-block-list\">\n<li>Contattare l'assistenza per ricevere il bonus<\/li>\n\n\n\n<li>Requisiti di puntata: 1x<\/li>\n<\/ul>\n\n\n\n<p><strong>Cashback per i giochi dal vivo.<\/strong> Giocate a uno dei nostri giochi dal vivo durante la settimana e ricevete 10 cashback % fino a 500 \u20ac ogni luned\u00ec.<\/p>\n\n\n\n<ul class=\"wp-block-list\">\n<li>Non \u00e8 richiesta la registrazione<\/li>\n\n\n\n<li>Requisiti di puntata: 1x<\/li>\n<\/ul>\n\n\n\n<p><strong>Torneo Quick Cash. <\/strong>Partecipa alle classifiche giornaliere e vinci premi in denaro reale.<\/p>\n\n\n\n<ul class=\"wp-block-list\">\n<li>Iscriversi tramite la pagina del torneo<\/li>\n\n\n\n<li>Giocate ai vostri giochi di casin\u00f2 preferiti e gareggiate tra di voi<\/li>\n\n\n\n<li>Premi giornalieri per i migliori<\/li>\n<\/ul>\n\n\n\n<p><strong>Torneo Lucky 7.<\/strong> Una competizione mensile con premi in denaro per i migliori giocatori.<\/p>\n\n\n\n<ul class=\"wp-block-list\">\n<li>Registrazione obbligatoria<\/li>\n\n\n\n<li>Gioca e scala la classifica<\/li>\n\n\n\n<li>Si svolge ogni mese<\/li>\n<\/ul>\n\n\n\n<figure class=\"wp-block-image size-large\"><img loading=\"lazy\" decoding=\"async\" width=\"1024\" height=\"399\" src=\"https:\/\/casinogoldspin.com\/wp-content\/uploads\/2026\/02\/inf-img1-1024x399.webp\" alt=\"Bonus Goldspin\" class=\"wp-image-949\" srcset=\"https:\/\/casinogoldspin.com\/wp-content\/uploads\/2026\/02\/inf-img1-1024x399.webp 1024w, https:\/\/casinogoldspin.com\/wp-content\/uploads\/2026\/02\/inf-img1-300x117.webp 300w, https:\/\/casinogoldspin.com\/wp-content\/uploads\/2026\/02\/inf-img1-768x299.webp 768w, https:\/\/casinogoldspin.com\/wp-content\/uploads\/2026\/02\/inf-img1.webp 1404w\" sizes=\"auto, (max-width: 1024px) 100vw, 1024px\" \/><\/figure>\n\n\n\n<p>I bonus sono molto vari, anche se non esiste un bonus senza deposito Goldspin. Avete domande o bisogno di aiuto per attivare un bonus? Il nostro team di live chat \u00e8 a vostra disposizione 24 ore su 24.<\/p>\n\n\n\n<h3 class=\"wp-block-heading\">Bonus di benvenuto Goldspin<\/h3>\n\n\n\n<p>Diamo il benvenuto ai nuovi giocatori con un generoso pacchetto di bonus a pi\u00f9 livelli per aiutarvi a ottenere di pi\u00f9 dai vostri primi depositi. Ecco come funziona il sistema di bonus Goldspin:<\/p>\n\n\n\n<p><strong>Bonus sul primo deposito.<\/strong> Ricevi un bonus di 100 % fino a <strong>1.500 \u20ac<\/strong> pi\u00f9 <strong>100 giri gratuiti<\/strong> per <em>Miliardo di Bonanza<\/em>.<\/p>\n\n\n\n<ul class=\"wp-block-list\">\n<li>Selezionare il bonus quando si effettua il primo deposito.<\/li>\n\n\n\n<li>Deposito minimo: 10<\/li>\n\n\n\n<li>I giri gratuiti vengono accreditati immediatamente.<\/li>\n\n\n\n<li>Requisiti di puntata: 35x<\/li>\n<\/ul>\n\n\n\n<p><strong>Bonus sul secondo deposito.<\/strong> Ricevi un bonus di abbinamento di 75 % fino a <strong>1.000 \u20ac<\/strong>.<\/p>\n\n\n\n<ul class=\"wp-block-list\">\n<li>Attivate il bonus nella sezione \u201eDeposito\u201c prima di depositare denaro sul vostro conto.<\/li>\n\n\n\n<li>Deposito minimo: 10<\/li>\n\n\n\n<li>Requisiti di puntata: 35<\/li>\n<\/ul>\n\n\n\n<p><strong>Bonus sul terzo deposito.<\/strong> Ricevere un bonus di 125 % fino a <strong>500 \u20ac<\/strong> al terzo deposito.<\/p>\n\n\n\n<ul class=\"wp-block-list\">\n<li>Selezionare il bonus nella sezione \u201eDeposito\u201c.<\/li>\n\n\n\n<li>Deposito minimo: 10<\/li>\n\n\n\n<li>Requisiti di puntata: 35<\/li>\n<\/ul>\n\n\n\n<p>Ogni livello del pacchetto di benvenuto \u00e8 facile da richiedere e progettato per incrementare il vostro saldo mentre esplorate la nostra selezione di giochi.<\/p>\n\n\n\n<h2 class=\"wp-block-heading\" id=\"zahlungsmethoden-bei-goldspin\">Metodi di pagamento su Goldspin<\/h2>\n\n\n\n<p>Affinch\u00e9 possiate godere appieno del Casin\u00f2 Goldspin, vi offriamo diversi metodi di pagamento affidabili con cui potete effettuare depositi e prelievi in modo facile e sicuro. Potete scegliere tra:<\/p>\n\n\n\n<ul class=\"wp-block-list\">\n<li><strong>Carte di credito\/debito:<\/strong> Visa, Mastercard<\/li>\n\n\n\n<li><strong>I portafogli elettronici:<\/strong> Skrill, Neteller, EZeeWallet<\/li>\n\n\n\n<li><strong>Criptovalute:<\/strong> Bitcoin, Ethereum, Litecoin e altro ancora<\/li>\n\n\n\n<li><strong>Bonifici bancari:<\/strong> Disponibile per chi preferisce le opzioni bancarie standard<\/li>\n<\/ul>\n\n\n\n<p>I depositi vengono elaborati istantaneamente, in modo da poter iniziare a giocare senza ritardi. I tempi di prelievo su Goldspin variano a seconda del metodo, ma cerchiamo di elaborare tutte le richieste entro 24-48 ore. Tutte le transazioni sono protette dalla tecnologia di crittografia per proteggere le vostre informazioni finanziarie.<\/p>\n\n\n\n<h2 class=\"wp-block-heading\" id=\"goldspin-lizenz-und-sicherheit\">Licenza e sicurezza Goldspin<\/h2>\n\n\n\n<p>La nostra piattaforma \u00e8 autorizzata da un'autorit\u00e0 riconosciuta che garantisce la conformit\u00e0 ai rigorosi standard del settore per la protezione dei giocatori e le pratiche di gioco corrette.<\/p>\n\n\n\n<p>Tutti i giochi utilizzano generatori di numeri casuali (RNG) certificati per garantire che i risultati siano completamente casuali e imparziali. Revisori indipendenti controllano regolarmente i nostri sistemi per garantire trasparenza e fiducia.<\/p>\n\n\n\n<p>Per proteggere i vostri dati, utilizziamo la crittografia SSL, che protegge tutte le informazioni personali e finanziarie da accessi non autorizzati.<\/p>\n\n\n\n<h2 class=\"wp-block-heading\" id=\"goldspin-app\">Applicazione Goldspin<\/h2>\n\n\n\n<p>Gold Spin Casino \u00e8 stato progettato per un gioco mobile fluido su tutti i dispositivi moderni. Anche se non offriamo un'applicazione separata, il nostro sito web mobile \u00e8 completamente reattivo e funziona perfettamente su smartphone e tablet iOS e Android.<\/p>\n\n\n\n<p>Potete accedere a tutte le funzioni - giochi, promozioni, impostazioni del conto - direttamente dal vostro browser mobile. Il layout si adatta automaticamente al vostro schermo, in modo che possiate godere di un'esperienza di gioco ottimale ovunque vi troviate.<\/p>\n\n\n\n<h2 class=\"wp-block-heading\" id=\"goldspin-kundendienst\">Servizio clienti Goldspin<\/h2>\n\n\n\n<p>Potete raggiungere il nostro team attraverso diversi canali:<\/p>\n\n\n\n<ul class=\"wp-block-list\">\n<li><strong>Chat in diretta:<\/strong> Disponibile 24 ore su 24 per un aiuto rapido in caso di domande o problemi.<\/li>\n\n\n\n<li><strong>E-mail:<\/strong> Ideale per le richieste non urgenti. Ci impegniamo a rispondere entro 24 ore.<\/li>\n\n\n\n<li><strong>Sezione FAQ:<\/strong> Copre argomenti comuni come pagamenti, bonus e impostazioni del conto e fornisce soluzioni rapide senza dover contattare l'assistenza.<\/li>\n<\/ul>\n\n\n\n<p>Il nostro team di assistenza \u00e8 addestrato a risolvere i problemi in modo rapido e professionale per garantire che la vostra esperienza sul nostro sito web rimanga fluida e piacevole.<\/p>\n\n\n\n<h2 class=\"wp-block-heading\" id=\"vor-und-nachteile\">Vantaggi e svantaggi<\/h2>\n\n\n\n<p>Al Gold Spin Casino, ci concentriamo sul fornire a ogni giocatore un'esperienza di successo e di divertimento a tutto tondo. Questo \u00e8 ci\u00f2 che ci distingue:<\/p>\n\n\n\n<ul class=\"wp-block-list\">\n<li><strong>Ampia libreria di giochi:<\/strong> La nostra piattaforma offre un'ampia gamma di giochi, dalle classiche slot e giochi da tavolo alle opzioni con croupier dal vivo e alternative uniche.<\/li>\n\n\n\n<li><strong>Bonus e promozioni interessanti:<\/strong> Aggiorniamo regolarmente le nostre offerte di bonus per fornire valore aggiunto sia ai nuovi giocatori che a quelli che ritornano.<\/li>\n\n\n\n<li><strong>Design mobile-friendly:<\/strong> Non abbiamo un'applicazione autonoma, ma il nostro sito web \u00e8 completamente ottimizzato per smartphone e tablet.<\/li>\n\n\n\n<li><strong>Assistenza affidabile:<\/strong> Sia che abbiate bisogno di aiuto tramite live chat o e-mail, ci impegniamo a risolvere i vostri problemi in modo rapido e professionale.<\/li>\n<\/ul>\n\n\n\n<p>Dove possiamo ancora migliorare<\/p>\n\n\n\n<ul class=\"wp-block-list\">\n<li><strong>Nessuna applicazione propria (non ancora):<\/strong> Sebbene il nostro sito web per dispositivi mobili sia completamente funzionante, riconosciamo che alcuni giocatori preferiscono un'applicazione. Siamo costantemente alla ricerca di modi per migliorare l'accessibilit\u00e0.<\/li>\n\n\n\n<li><strong>Tempo di elaborazione dei pagamenti:<\/strong> La maggior parte dei pagamenti viene elaborata immediatamente, ma a seconda del metodo, alcuni potrebbero richiedere un po' pi\u00f9 di tempo. Lavoriamo costantemente per accelerare questi processi, laddove possibile.<\/li>\n<\/ul>\n\n\n\n<p>Ci impegniamo a fornire un ambiente di gioco sicuro, divertente ed efficiente e siamo sempre alla ricerca di modi per migliorare la vostra esperienza.<\/p>\n\n\n\n<h2 class=\"wp-block-heading\" id=\"fazit\">Conclusione<\/h2>\n\n\n\n<p>Al Gold Spin Casino, diamo priorit\u00e0 a un'esperienza sicura, emozionante e incentrata sul giocatore. Da un'ampia selezione di giochi e generose promozioni a un'assistenza affidabile e un accesso mobile senza problemi, il nostro obiettivo \u00e8 rendere il gioco d'azzardo online facile e gratificante. Siamo in costante miglioramento per offrirvi il miglior servizio possibile. Ci auguriamo che abbiate trovato tutte le risposte in questa recensione di Gold Spin Casino.<\/p>\n\n\n\n<p>Siete pronti a giocare? Iscrivetevi e scoprite perch\u00e9 tanti giocatori scelgono Gold Spin.<\/p>","protected":false},"excerpt":{"rendered":"<p>Willkommen im Goldspin Casino \u2013 wo Benutzerfreundlichkeit auf ein umfassendes Spielerlebnis trifft. Ganz gleich, ob Sie den Nervenkitzel der Spielautomaten, die Strategie der Tischspiele oder die Echtzeit-Spannung der Live-Dealer suchen, unsere Plattform ist darauf ausgelegt, Ihnen vom ersten Klick an ein reibungsloses Erlebnis zu bieten. Lesen Sie diese Bewertung zum Goldspin Casino, um mehr zu [&hellip;]<\/p>\n","protected":false},"author":1,"featured_media":959,"parent":0,"menu_order":0,"comment_status":"closed","ping_status":"closed","template":"","meta":{"_acf_changed":false,"inline_featured_image":false,"footnotes":""},"class_list":["post-11","page","type-page","status-publish","has-post-thumbnail","hentry"],"acf":[],"yoast_head":"<!-- This site is optimized with the Yoast SEO plugin v26.9 - https:\/\/yoast.com\/product\/yoast-seo-wordpress\/ -->\n<title>Goldspin Casino \ud83c\udfb0\ud83d\udd25 Offizielle Seite [Bonus 3.000 \u20ac + 100 Freispiele]<\/title>\n<meta name=\"description\" content=\"Goldspin Casino Deutschland \ud83c\udde9\ud83c\uddea\ud83c\udfb2 | Online-Casino mit Cura\u00e7ao-Lizenz | Willkommenspaket bis 3.000 \u20ac + 100 Freispiele \ud83c\udf81\u2728 | \u00dcber 7.500 Spiele &amp; Live-Casino \ud83c\udccf\ud83d\udcf1 | Sichere Zahlungen inkl. Krypto \u26a1 | Jetzt anmelden &amp; gewinnen! \ud83d\ude80\" \/>\n<meta name=\"robots\" content=\"index, follow, max-snippet:-1, max-image-preview:large, max-video-preview:-1\" \/>\n<link rel=\"canonical\" href=\"https:\/\/casinogoldspin.com\/it\/de-de\/\" \/>\n<meta property=\"og:locale\" content=\"it_IT\" \/>\n<meta property=\"og:type\" content=\"article\" \/>\n<meta property=\"og:title\" content=\"Goldspin Casino \ud83c\udfb0\ud83d\udd25 Offizielle Seite [Bonus 3.000 \u20ac + 100 Freispiele]\" \/>\n<meta property=\"og:description\" content=\"Goldspin Casino Deutschland \ud83c\udde9\ud83c\uddea\ud83c\udfb2 | Online-Casino mit Cura\u00e7ao-Lizenz | Willkommenspaket bis 3.000 \u20ac + 100 Freispiele \ud83c\udf81\u2728 | \u00dcber 7.500 Spiele &amp; Live-Casino \ud83c\udccf\ud83d\udcf1 | Sichere Zahlungen inkl. Krypto \u26a1 | Jetzt anmelden &amp; gewinnen! \ud83d\ude80\" \/>\n<meta property=\"og:url\" content=\"https:\/\/casinogoldspin.com\/it\/de-de\/\" \/>\n<meta property=\"og:site_name\" content=\"GoldSpin Casino\" \/>\n<meta property=\"article:modified_time\" content=\"2026-02-17T08:04:56+00:00\" \/>\n<meta property=\"og:image\" content=\"https:\/\/casinogoldspin.com\/wp-content\/uploads\/2026\/02\/goldspin-casino-Logo-.jpg\" \/>\n\t<meta property=\"og:image:width\" content=\"500\" \/>\n\t<meta property=\"og:image:height\" content=\"500\" \/>\n\t<meta property=\"og:image:type\" content=\"image\/jpeg\" \/>\n<meta name=\"twitter:card\" content=\"summary_large_image\" \/>\n<meta name=\"twitter:label1\" content=\"Tempo di lettura stimato\" \/>\n\t<meta name=\"twitter:data1\" content=\"9 minuti\" \/>\n<script type=\"application\/ld+json\" class=\"yoast-schema-graph\">{\"@context\":\"https:\/\/schema.org\",\"@graph\":[{\"@type\":\"WebPage\",\"@id\":\"https:\/\/casinogoldspin.com\/\",\"url\":\"https:\/\/casinogoldspin.com\/de-de\/\",\"name\":\"Goldspin Casino \ud83c\udfb0\ud83d\udd25 Offizielle Seite [Bonus 3.000 \u20ac + 100 Freispiele]\",\"isPartOf\":{\"@id\":\"https:\/\/casinogoldspin.com\/#website\"},\"primaryImageOfPage\":{\"@id\":\"https:\/\/casinogoldspin.com\/de-de\/#primaryimage\"},\"image\":{\"@id\":\"https:\/\/casinogoldspin.com\/de-de\/#primaryimage\"},\"thumbnailUrl\":\"https:\/\/casinogoldspin.com\/wp-content\/uploads\/2026\/02\/goldspin-casino-Logo-.jpg\",\"datePublished\":\"2025-07-04T07:31:39+00:00\",\"dateModified\":\"2026-02-17T08:04:56+00:00\",\"description\":\"Goldspin Casino Deutschland \ud83c\udde9\ud83c\uddea\ud83c\udfb2 | Online-Casino mit Cura\u00e7ao-Lizenz | Willkommenspaket bis 3.000 \u20ac + 100 Freispiele \ud83c\udf81\u2728 | \u00dcber 7.500 Spiele & Live-Casino \ud83c\udccf\ud83d\udcf1 | Sichere Zahlungen inkl. Krypto \u26a1 | Jetzt anmelden & gewinnen! \ud83d\ude80\",\"breadcrumb\":{\"@id\":\"https:\/\/casinogoldspin.com\/de-de\/#breadcrumb\"},\"inLanguage\":\"it-IT\",\"potentialAction\":[{\"@type\":\"ReadAction\",\"target\":[\"https:\/\/casinogoldspin.com\/de-de\/\"]}]},{\"@type\":\"ImageObject\",\"inLanguage\":\"it-IT\",\"@id\":\"https:\/\/casinogoldspin.com\/de-de\/#primaryimage\",\"url\":\"https:\/\/casinogoldspin.com\/wp-content\/uploads\/2026\/02\/goldspin-casino-Logo-.jpg\",\"contentUrl\":\"https:\/\/casinogoldspin.com\/wp-content\/uploads\/2026\/02\/goldspin-casino-Logo-.jpg\",\"width\":500,\"height\":500,\"caption\":\"goldspin casino\"},{\"@type\":\"BreadcrumbList\",\"@id\":\"https:\/\/casinogoldspin.com\/de-de\/#breadcrumb\",\"itemListElement\":[{\"@type\":\"ListItem\",\"position\":1,\"name\":\"Home\",\"item\":\"https:\/\/casinogoldspin.com\/\"},{\"@type\":\"ListItem\",\"position\":2,\"name\":\"Goldspin Casino\"}]},{\"@type\":\"WebSite\",\"@id\":\"https:\/\/casinogoldspin.com\/#website\",\"url\":\"https:\/\/casinogoldspin.com\/\",\"name\":\"GoldSpin Casino\",\"description\":\"GoldSpin Casino\",\"publisher\":{\"@id\":\"https:\/\/casinogoldspin.com\/#organization\"},\"potentialAction\":[{\"@type\":\"SearchAction\",\"target\":{\"@type\":\"EntryPoint\",\"urlTemplate\":\"https:\/\/casinogoldspin.com\/?s={search_term_string}\"},\"query-input\":{\"@type\":\"PropertyValueSpecification\",\"valueRequired\":true,\"valueName\":\"search_term_string\"}}],\"inLanguage\":\"it-IT\"},{\"@type\":\"Organization\",\"@id\":\"https:\/\/casinogoldspin.com\/#organization\",\"name\":\"69games\",\"alternateName\":\"69games Casino Icon\",\"url\":\"https:\/\/casinogoldspin.com\/\",\"logo\":{\"@type\":\"ImageObject\",\"inLanguage\":\"it-IT\",\"@id\":\"https:\/\/casinogoldspin.com\/#\/schema\/logo\/image\/\",\"url\":\"\",\"contentUrl\":\"\",\"caption\":\"69games\"},\"image\":{\"@id\":\"https:\/\/casinogoldspin.com\/#\/schema\/logo\/image\/\"}}]}<\/script>\n<!-- \/ Yoast SEO plugin. -->","yoast_head_json":{"title":"Goldspin Casino \ud83c\udfb0\ud83d\udd25 Offizielle Seite [Bonus 3.000 \u20ac + 100 Freispiele]","description":"Goldspin Casino Germany \ud83c\udde9\ud83c\uddea\ud83c\udfb2 | Casin\u00f2 online con licenza di Cura\u00e7ao | Pacchetto di benvenuto fino a 3.000 \u20ac + 100 giri gratis \ud83c\udf81\u2728 | Oltre 7.500 giochi e casin\u00f2 dal vivo \ud83c\udccf\ud83d\udcf1 | Pagamenti sicuri incluse le criptovalute \u26a1 | Registrati ora e vinci! \ud83d\ude80","robots":{"index":"index","follow":"follow","max-snippet":"max-snippet:-1","max-image-preview":"max-image-preview:large","max-video-preview":"max-video-preview:-1"},"canonical":"https:\/\/casinogoldspin.com\/it\/de-de\/","og_locale":"it_IT","og_type":"article","og_title":"Goldspin Casino \ud83c\udfb0\ud83d\udd25 Offizielle Seite [Bonus 3.000 \u20ac + 100 Freispiele]","og_description":"Goldspin Casino Deutschland \ud83c\udde9\ud83c\uddea\ud83c\udfb2 | Online-Casino mit Cura\u00e7ao-Lizenz | Willkommenspaket bis 3.000 \u20ac + 100 Freispiele \ud83c\udf81\u2728 | \u00dcber 7.500 Spiele & Live-Casino \ud83c\udccf\ud83d\udcf1 | Sichere Zahlungen inkl. Krypto \u26a1 | Jetzt anmelden & gewinnen! \ud83d\ude80","og_url":"https:\/\/casinogoldspin.com\/it\/de-de\/","og_site_name":"GoldSpin Casino","article_modified_time":"2026-02-17T08:04:56+00:00","og_image":[{"width":500,"height":500,"url":"https:\/\/casinogoldspin.com\/wp-content\/uploads\/2026\/02\/goldspin-casino-Logo-.jpg","type":"image\/jpeg"}],"twitter_card":"summary_large_image","twitter_misc":{"Tempo di lettura stimato":"9 minuti"},"schema":{"@context":"https:\/\/schema.org","@graph":[{"@type":"WebPage","@id":"https:\/\/casinogoldspin.com\/","url":"https:\/\/casinogoldspin.com\/de-de\/","name":"Goldspin Casino \ud83c\udfb0\ud83d\udd25 Offizielle Seite [Bonus 3.000 \u20ac + 100 Freispiele]","isPartOf":{"@id":"https:\/\/casinogoldspin.com\/#website"},"primaryImageOfPage":{"@id":"https:\/\/casinogoldspin.com\/de-de\/#primaryimage"},"image":{"@id":"https:\/\/casinogoldspin.com\/de-de\/#primaryimage"},"thumbnailUrl":"https:\/\/casinogoldspin.com\/wp-content\/uploads\/2026\/02\/goldspin-casino-Logo-.jpg","datePublished":"2025-07-04T07:31:39+00:00","dateModified":"2026-02-17T08:04:56+00:00","description":"Goldspin Casino Germany \ud83c\udde9\ud83c\uddea\ud83c\udfb2 | Casin\u00f2 online con licenza di Cura\u00e7ao | Pacchetto di benvenuto fino a 3.000 \u20ac + 100 giri gratis \ud83c\udf81\u2728 | Oltre 7.500 giochi e casin\u00f2 dal vivo \ud83c\udccf\ud83d\udcf1 | Pagamenti sicuri incluse le criptovalute \u26a1 | Registrati ora e vinci! \ud83d\ude80","breadcrumb":{"@id":"https:\/\/casinogoldspin.com\/de-de\/#breadcrumb"},"inLanguage":"it-IT","potentialAction":[{"@type":"ReadAction","target":["https:\/\/casinogoldspin.com\/de-de\/"]}]},{"@type":"ImageObject","inLanguage":"it-IT","@id":"https:\/\/casinogoldspin.com\/de-de\/#primaryimage","url":"https:\/\/casinogoldspin.com\/wp-content\/uploads\/2026\/02\/goldspin-casino-Logo-.jpg","contentUrl":"https:\/\/casinogoldspin.com\/wp-content\/uploads\/2026\/02\/goldspin-casino-Logo-.jpg","width":500,"height":500,"caption":"goldspin casino"},{"@type":"BreadcrumbList","@id":"https:\/\/casinogoldspin.com\/de-de\/#breadcrumb","itemListElement":[{"@type":"ListItem","position":1,"name":"Home","item":"https:\/\/casinogoldspin.com\/"},{"@type":"ListItem","position":2,"name":"Goldspin Casino"}]},{"@type":"WebSite","@id":"https:\/\/casinogoldspin.com\/#website","url":"https:\/\/casinogoldspin.com\/","name":"Casin\u00f2 GoldSpin","description":"Casin\u00f2 GoldSpin","publisher":{"@id":"https:\/\/casinogoldspin.com\/#organization"},"potentialAction":[{"@type":"SearchAction","target":{"@type":"EntryPoint","urlTemplate":"https:\/\/casinogoldspin.com\/?s={search_term_string}"},"query-input":{"@type":"PropertyValueSpecification","valueRequired":true,"valueName":"search_term_string"}}],"inLanguage":"it-IT"},{"@type":"Organization","@id":"https:\/\/casinogoldspin.com\/#organization","name":"69giochi","alternateName":"69games Casino Icon","url":"https:\/\/casinogoldspin.com\/","logo":{"@type":"ImageObject","inLanguage":"it-IT","@id":"https:\/\/casinogoldspin.com\/#\/schema\/logo\/image\/","url":"","contentUrl":"","caption":"69games"},"image":{"@id":"https:\/\/casinogoldspin.com\/#\/schema\/logo\/image\/"}}]}},"_links":{"self":[{"href":"https:\/\/casinogoldspin.com\/it\/wp-json\/wp\/v2\/pages\/11","targetHints":{"allow":["GET"]}}],"collection":[{"href":"https:\/\/casinogoldspin.com\/it\/wp-json\/wp\/v2\/pages"}],"about":[{"href":"https:\/\/casinogoldspin.com\/it\/wp-json\/wp\/v2\/types\/page"}],"author":[{"embeddable":true,"href":"https:\/\/casinogoldspin.com\/it\/wp-json\/wp\/v2\/users\/1"}],"replies":[{"embeddable":true,"href":"https:\/\/casinogoldspin.com\/it\/wp-json\/wp\/v2\/comments?post=11"}],"version-history":[{"count":6,"href":"https:\/\/casinogoldspin.com\/it\/wp-json\/wp\/v2\/pages\/11\/revisions"}],"predecessor-version":[{"id":951,"href":"https:\/\/casinogoldspin.com\/it\/wp-json\/wp\/v2\/pages\/11\/revisions\/951"}],"wp:featuredmedia":[{"embeddable":true,"href":"https:\/\/casinogoldspin.com\/it\/wp-json\/wp\/v2\/media\/959"}],"wp:attachment":[{"href":"https:\/\/casinogoldspin.com\/it\/wp-json\/wp\/v2\/media?parent=11"}],"curies":[{"name":"wp","href":"https:\/\/api.w.org\/{rel}","templated":true}]}}